{"id":4,"date":"2026-04-24T10:28:30","date_gmt":"2026-04-24T10:28:30","guid":{"rendered":"https:\/\/vipcreators.eu\/?page_id=4"},"modified":"2026-04-25T11:50:12","modified_gmt":"2026-04-25T11:50:12","slug":"uvodni-stranka","status":"publish","type":"page","link":"https:\/\/vipcreators.eu\/","title":{"rendered":"\u00davodn\u00ed str\u00e1nka"},"content":{"rendered":"\n<div class=\"wp-block-cover alignfull hero-desktop\" style=\"min-height:100vh;aspect-ratio:unset;\"><img loading=\"lazy\" decoding=\"async\" width=\"1672\" height=\"941\" class=\"wp-block-cover__image-background wp-image-42 size-full\" alt=\"\" src=\"https:\/\/vipcreators.eu\/wp-content\/uploads\/2026\/04\/ChatGPT-Image-25.-4.-2026-11_16_34.png\" style=\"object-position:48% 50%\" data-object-fit=\"cover\" data-object-position=\"48% 50%\" srcset=\"https:\/\/vipcreators.eu\/wp-content\/uploads\/2026\/04\/ChatGPT-Image-25.-4.-2026-11_16_34.png 1672w, https:\/\/vipcreators.eu\/wp-content\/uploads\/2026\/04\/ChatGPT-Image-25.-4.-2026-11_16_34-300x169.png 300w, https:\/\/vipcreators.eu\/wp-content\/uploads\/2026\/04\/ChatGPT-Image-25.-4.-2026-11_16_34-1024x576.png 1024w, https:\/\/vipcreators.eu\/wp-content\/uploads\/2026\/04\/ChatGPT-Image-25.-4.-2026-11_16_34-768x432.png 768w, https:\/\/vipcreators.eu\/wp-content\/uploads\/2026\/04\/ChatGPT-Image-25.-4.-2026-11_16_34-1536x864.png 1536w\" sizes=\"auto, (max-width: 1672px) 100vw, 1672px\" \/><span aria-hidden=\"true\" class=\"wp-block-cover__background has-background-dim-10 has-background-dim\" style=\"background-color:#51341d\"><\/span><div class=\"wp-block-cover__inner-container has-global-padding is-layout-constrained wp-block-cover-is-layout-constrained\">\n<div style=\"text-align:center; margin: 340px 0 18px 0;\">\n  <a href=\"#\"\n     style=\"\n       display:inline-block;\n       padding:8px 22px;\n       border:1.2px solid rgba(212,170,76,0.95);\n       border-radius:999px;\n       background:linear-gradient(180deg, rgba(10,10,12,0.92) 0%, rgba(18,18,22,0.96) 100%);\n       color:#d6aa4c;\n       text-decoration:none;\n       font-family: Georgia, 'Times New Roman', serif;\n       font-size:24px;\n       line-height:1.1;\n       box-shadow:\n         0 0 0 1px rgba(255,220,120,0.14) inset,\n         0 0 12px rgba(212,170,76,0.12),\n         0 2px 8px rgba(0,0,0,0.30);\n       transform: translateX(-19px);\n     \">\n    Vstoupit\n  <\/a>\n<\/div>\n\n\n\n<div class=\"wp-block-buttons is-content-justification-center is-layout-flex wp-container-core-buttons-is-layout-a89b3969 wp-block-buttons-is-layout-flex\"><\/div>\n<\/div><\/div>\n\n\n\n<div class=\"wp-block-cover alignfull\" style=\"min-height:100vh;aspect-ratio:unset;\"><img loading=\"lazy\" decoding=\"async\" width=\"474\" height=\"1024\" class=\"wp-block-cover__image-background wp-image-47 size-large\" alt=\"\" src=\"https:\/\/vipcreators.eu\/wp-content\/uploads\/2026\/04\/ChatGPT-Image-25.-4.-2026-11_49_03-2-474x1024.png\" style=\"object-position:50% 47%\" data-object-fit=\"cover\" data-object-position=\"50% 47%\" srcset=\"https:\/\/vipcreators.eu\/wp-content\/uploads\/2026\/04\/ChatGPT-Image-25.-4.-2026-11_49_03-2-474x1024.png 474w, https:\/\/vipcreators.eu\/wp-content\/uploads\/2026\/04\/ChatGPT-Image-25.-4.-2026-11_49_03-2-139x300.png 139w, https:\/\/vipcreators.eu\/wp-content\/uploads\/2026\/04\/ChatGPT-Image-25.-4.-2026-11_49_03-2-768x1660.png 768w, https:\/\/vipcreators.eu\/wp-content\/uploads\/2026\/04\/ChatGPT-Image-25.-4.-2026-11_49_03-2-711x1536.png 711w, https:\/\/vipcreators.eu\/wp-content\/uploads\/2026\/04\/ChatGPT-Image-25.-4.-2026-11_49_03-2.png 853w\" sizes=\"auto, (max-width: 474px) 100vw, 474px\" \/><span aria-hidden=\"true\" class=\"wp-block-cover__background has-background-dim-10 has-background-dim\" style=\"background-color:#442811\"><\/span><div class=\"wp-block-cover__inner-container is-layout-flow wp-block-cover-is-layout-flow\">\n<div style=\"text-align:center; margin: -60px 0 10px 0;\">\n  <a href=\"#\"\n     style=\"\n       display:inline-block;\n       padding:5px 14px;\n       border:1px solid rgba(212,170,76,0.92);\n       border-radius:999px;\n       background:linear-gradient(180deg, rgba(10,10,12,0.90) 0%, rgba(18,18,22,0.95) 100%);\n       color:#d6aa4c;\n       text-decoration:none;\n       font-family: Georgia, 'Times New Roman', serif;\n       font-size:18px;\n       line-height:1;\n       box-shadow:\n         0 0 0 1px rgba(255,220,120,0.10) inset,\n         0 0 8px rgba(212,170,76,0.08),\n         0 2px 6px rgba(0,0,0,0.25);\n     \">\n    Vstoupit\n  <\/a>\n<\/div>\n\n\n\n<div class=\"wp-block-buttons is-layout-flex wp-block-buttons-is-layout-flex\"><\/div>\n<\/div><\/div>\n","protected":false},"excerpt":{"rendered":"","protected":false},"author":1,"featured_media":0,"parent":0,"menu_order":0,"comment_status":"closed","ping_status":"closed","template":"page-home-blank.php","meta":{"footnotes":""},"class_list":["post-4","page","type-page","status-publish","hentry"],"_links":{"self":[{"href":"https:\/\/vipcreators.eu\/index.php?rest_route=\/wp\/v2\/pages\/4","targetHints":{"allow":["GET"]}}],"collection":[{"href":"https:\/\/vipcreators.eu\/index.php?rest_route=\/wp\/v2\/pages"}],"about":[{"href":"https:\/\/vipcreators.eu\/index.php?rest_route=\/wp\/v2\/types\/page"}],"author":[{"embeddable":true,"href":"https:\/\/vipcreators.eu\/index.php?rest_route=\/wp\/v2\/users\/1"}],"replies":[{"embeddable":true,"href":"https:\/\/vipcreators.eu\/index.php?rest_route=%2Fwp%2Fv2%2Fcomments&post=4"}],"version-history":[{"count":49,"href":"https:\/\/vipcreators.eu\/index.php?rest_route=\/wp\/v2\/pages\/4\/revisions"}],"predecessor-version":[{"id":82,"href":"https:\/\/vipcreators.eu\/index.php?rest_route=\/wp\/v2\/pages\/4\/revisions\/82"}],"wp:attachment":[{"href":"https:\/\/vipcreators.eu\/index.php?rest_route=%2Fwp%2Fv2%2Fmedia&parent=4"}],"curies":[{"name":"wp","href":"https:\/\/api.w.org\/{rel}","templated":true}]}}